{"id":628,"date":"2020-03-22T11:57:49","date_gmt":"2020-03-22T10:57:49","guid":{"rendered":"http:\/\/www.warmiatlumaczenia.pl\/?page_id=628"},"modified":"2020-03-23T11:45:56","modified_gmt":"2020-03-23T10:45:56","slug":"cennik","status":"publish","type":"page","link":"https:\/\/www.warmiatlumaczenia.pl\/?page_id=628","title":{"rendered":"Cennik"},"content":{"rendered":"\t\t<div data-elementor-type=\"wp-page\" data-elementor-id=\"628\" class=\"elementor elementor-628\">\n\t\t\t\t\t\t\t\t\t<section class=\"elementor-section elementor-top-section elementor-element elementor-element-274e78e9 elementor-section-boxed elementor-section-height-default elementor-section-height-default\" data-id=\"274e78e9\" data-element_type=\"section\">\n\t\t\t\t\t\t<div class=\"elementor-container elementor-column-gap-default\">\n\t\t\t\t\t<div class=\"elementor-column elementor-col-100 elementor-top-column elementor-element elementor-element-3d4d5a36\" data-id=\"3d4d5a36\" data-element_type=\"column\">\n\t\t\t<div class=\"elementor-widget-wrap elementor-element-populated\">\n\t\t\t\t\t\t\t\t<div class=\"elementor-element elementor-element-2ce3b9c7 elementor-widget elementor-widget-heading\" data-id=\"2ce3b9c7\" data-element_type=\"widget\" data-widget_type=\"heading.default\">\n\t\t\t\t<div class=\"elementor-widget-container\">\n\t\t\t<h3 class=\"elementor-heading-title elementor-size-large\">Cennik<\/h3>\t\t<\/div>\n\t\t\t\t<\/div>\n\t\t\t\t<div class=\"elementor-element elementor-element-398fc7da elementor-widget elementor-widget-text-editor\" data-id=\"398fc7da\" data-element_type=\"widget\" data-widget_type=\"text-editor.default\">\n\t\t\t\t<div class=\"elementor-widget-container\">\n\t\t\t\t\t\t\t<p>Tabela stawek wynagrodzenia za czynno\u015bci t\u0142umacza przysi\u0119g\u0142ego.<\/p><p>wykonane na \u017c\u0105danie s\u0105du, prokuratora, Policji oraz organ\u00f3w administracji publicznej<\/p><p><span style=\"font-family: Lato, sans-serif; font-size: 16px;\">obowi\u0105zuj\u0105ce od dnia 31 pa\u017adziernika 2019 r.<\/span><\/p><p>Niniejszy cennik ma charakter informacyjny i nie stanowi oferty handlowej w rozumieniu Art.66<br \/>par.1 Kodeksu Cywilnego.<\/p>\t\t\t\t\t\t<\/div>\n\t\t\t\t<\/div>\n\t\t\t\t<div class=\"elementor-element elementor-element-4692d71 elementor-widget elementor-widget-shortcode\" data-id=\"4692d71\" data-element_type=\"widget\" data-widget_type=\"shortcode.default\">\n\t\t\t\t<div class=\"elementor-widget-container\">\n\t\t\t\t\t<div class=\"elementor-shortcode\"><h2 id=\"tablepress-1-name\" class=\"tablepress-table-name tablepress-table-name-id-1\">Cennik t\u0142umacze\u0144 pisemnych<\/h2>\n<span id=\"tablepress-1-description\" class=\"tablepress-table-description tablepress-table-description-id-1\">Podstawa prawna: Rozporz\u0105dzenie Ministra Sprawiedliwo\u015bci z dnia 24 stycznia 2005 r. w sprawie<br \/>\nwynagrodzenia za czynno\u015bci t\u0142umacza przysi\u0119g\u0142ego (Dz.U. z dnia 26 stycznia 2005 r. z p\u00f3\u017an. zmianami)<\/span>\n\n<table id=\"tablepress-1\" class=\"tablepress tablepress-id-1\" aria-labelledby=\"tablepress-1-name\" aria-describedby=\"tablepress-1-description\">\n<thead>\n<tr class=\"row-1 odd\">\n\t<th class=\"column-1\">T\u0142umaczenie pisemne<br \/>\n1 strona = 1125 znak\u00f3w (obejmuj\u0105cych wszystkie widoczne znaki drukarskie, w szczeg\u00f3lno\u015bci litery, znaki przestankowe, cyfry, znaki przeniesienia oraz uzasadnione budow\u0105 zdania przerwy mi\u0119dzy nimi). Stron\u0119 rozpocz\u0119t\u0105 liczy si\u0119 za ca\u0142\u0105.<\/th><th class=\"column-2\">I grupa:<br \/>\n- angielski<br \/>\n- francuski<br \/>\n- niemiecki<br \/>\n- rosyjski<\/th><th class=\"column-3\">II grupa: <br \/>\n- inne j\u0119zyki europejskie<br \/>\n- j\u0119zyk \u0142aci\u0144ski<\/th><th class=\"column-4\">III grupa: <br \/>\n- j\u0119zyki pozaeuropejskie pos\u0142uguj\u0105ce si\u0119 alfabetem \u0142aci\u0144skim<\/th><th class=\"column-5\">IV grupa: <br \/>\n- j\u0119zyki pozaeuropejski pos\u0142uguj\u0105ce si\u0119 alfabetem nie\u0142aci\u0144skim lub ideogramami<\/th>\n<\/tr>\n<\/thead>\n<tbody class=\"row-hover\">\n<tr class=\"row-2 even\">\n\t<td class=\"column-1\">Sporz\u0105dzenie po\u015bwiadczonego t\u0142umaczenia na j\u0119zyk polski (\u00a7 2 ust. 1 pkt. 1)<\/td><td class=\"column-2\">34,50 z\u0142<\/td><td class=\"column-3\">37,16 z\u0142<\/td><td class=\"column-4\">45,11 z\u0142<\/td><td class=\"column-5\">50,42 z\u0142<\/td>\n<\/tr>\n<tr class=\"row-3 odd\">\n\t<td class=\"column-1\">Sporz\u0105dzenie t\u0142umaczenia - na wniosek zlecaj\u0105cego<br \/>\n- w dniu zlecenia oraz w post\u0119powaniu przyspieszonym<br \/>\n(stawki okre\u015blone w ust. 1 +100%) (\u00a7 2 ust. 2)<\/td><td class=\"column-2\">Na polski: 69,00 z\u0142<br \/>\nNa obcy: 90,22 z\u0142<\/td><td class=\"column-3\">Na polski: 74,32 z\u0142<br \/>\nNa obcy: 106,14 z\u0142<\/td><td class=\"column-4\">Na polski: 90,22 z\u0142<br \/>\nNa obcy: 122,08 z\u0142<\/td><td class=\"column-5\">Na polski: 100,84 z\u0142<br \/>\nNa obcy: 148,62 z\u0142<\/td>\n<\/tr>\n<tr class=\"row-4 even\">\n\t<td class=\"column-1\">Sporz\u0105dzenie dodatkowych egzemplarzy po\u015bwiadczonych t\u0142umacze\u0144 za ka\u017cd\u0105 dodatkow\u0105 stron\u0119 obliczeniow\u0105 t\u0142umaczenia (1125 znak\u00f3w) (\u00a7 2 ust. 3)<\/td><td class=\"column-2\">0,50 z\u0142<\/td><td class=\"column-3\">0,50 z\u0142<\/td><td class=\"column-4\">0,50 z\u0142<\/td><td class=\"column-5\">0,50 z\u0142<\/td>\n<\/tr>\n<tr class=\"row-5 odd\">\n\t<td class=\"column-1\">T\u0142umaczenie tekst\u00f3w (\u00a7 3):<br \/>\n1) zawieraj\u0105cych frazeologi\u0119 i terminologi\u0119 specjalistyczn\u0105 (+25%)<br \/>\n2) sporz\u0105dzonych pismem r\u0119cznym lub przez wype\u0142nienie pismem r\u0119cznym drukowanych formularzy, z wyj\u0105tkiem tekst\u00f3w sporz\u0105dzonych pismem technicznym (+25)%<br \/>\n3) trudnych do odczytania ze wzgl\u0119du na stopie\u0144 zniszczenia lub uszkodzenia tekstu albo z\u0142\u0105 jako\u015b\u0107 kopii sporz\u0105dzonej sposobem technicznym (+25%)<\/td><td class=\"column-2\">Na polski: 43,12 z\u0142<br \/>\nNa obcy: 56,39 z\u0142<\/td><td class=\"column-3\">Na polski: 46,45 z\u0142<br \/>\nNa obcy: 66,34 z\u0142<\/td><td class=\"column-4\">Na polski: 56,39 z\u0142<br \/>\nNa obcy: 76,30 z\u0142<\/td><td class=\"column-5\">Na polski: 63,02 z\u0142<br \/>\nNa obcy: 92,89 z\u0142<\/td>\n<\/tr>\n<tr class=\"row-6 even\">\n\t<td class=\"column-1\">Sprawdzenie i po\u015bwiadczenie t\u0142umaczenia z j\u0119zyka obcego na j\u0119zyk polski albo z j\u0119zyka polskiego na j\u0119zyk obcy sporz\u0105dzonego przez inn\u0105 osob\u0119 (50% stawki przewidzianej za t\u0142umaczenie, okre\u015blonej w \u00a7 2 ust. 1) (\u00a7 4)<\/td><td class=\"column-2\">Na polski: 17,25 z\u0142<br \/>\nNa obcy: 22,55 z\u0142<\/td><td class=\"column-3\">Na polski: 18,58 z\u0142<br \/>\nNa obcy: 26,53 z\u0142<\/td><td class=\"column-4\">Na polski: 22,55 z\u0142<br \/>\nNa obcy: 30,52 z\u0142<\/td><td class=\"column-5\">Na polski: 25,21 z\u0142<br \/>\nNa obcy: 37,15 z\u0142<\/td>\n<\/tr>\n<\/tbody>\n<\/table>\n<!-- #tablepress-1 from cache --><\/div>\n\t\t\t\t<\/div>\n\t\t\t\t<\/div>\n\t\t\t\t<div class=\"elementor-element elementor-element-24da1d4 elementor-widget elementor-widget-shortcode\" data-id=\"24da1d4\" data-element_type=\"widget\" data-widget_type=\"shortcode.default\">\n\t\t\t\t<div class=\"elementor-widget-container\">\n\t\t\t\t\t<div class=\"elementor-shortcode\"><h2 id=\"tablepress-2-name\" class=\"tablepress-table-name tablepress-table-name-id-2\">Cennik t\u0142umacze\u0144 ustnych<\/h2>\n<span id=\"tablepress-2-description\" class=\"tablepress-table-description tablepress-table-description-id-2\">Podstawa prawna: Rozporz\u0105dzenie Ministra Sprawiedliwo\u015bci z dnia 24 stycznia 2005 r. w sprawie<br \/>\nwynagrodzenia za czynno\u015bci t\u0142umacza przysi\u0119g\u0142ego (Dz.U. z dnia 26 stycznia 2005 r. z p\u00f3\u017an. zmianami)<\/span>\n\n<table id=\"tablepress-2\" class=\"tablepress tablepress-id-2\" aria-labelledby=\"tablepress-2-name\" aria-describedby=\"tablepress-2-description\">\n<thead>\n<tr class=\"row-1 odd\">\n\t<th class=\"column-1\">T\u0142umaczenia ustne<\/th><th class=\"column-2\">I grupa:<br \/>\n- angielski<br \/>\n- francuski<br \/>\n- niemiecki<br \/>\n- rosyjski<\/th><th class=\"column-3\">II grupa: <br \/>\n- inne j\u0119zyki europejskie<br \/>\n- j\u0119zyk \u0142aci\u0144ski<\/th><th class=\"column-4\">III grupa: <br \/>\n- j\u0119zyki pozaeuropejskie pos\u0142uguj\u0105ce si\u0119 alfabetem \u0142aci\u0144skim<\/th><th class=\"column-5\">IV grupa: <br \/>\n- j\u0119zyki pozaeuropejski pos\u0142uguj\u0105ce si\u0119 alfabetem nie\u0142aci\u0144skim lub ideogramami<\/th>\n<\/tr>\n<\/thead>\n<tbody class=\"row-hover\">\n<tr class=\"row-2 even\">\n\t<td class=\"column-1\">Wynagrodzenie za t\u0142umaczenie ustne za ka\u017cd\u0105 rozpocz\u0119t\u0105 godzin\u0119 obecno\u015bci t\u0142umacza (stawka jak za stron\u0119 t\u0142umaczenia okre\u015blon\u0105 w \u00a7 2 ust. 1 pkt 2 +30%) (\u00a7 6 ust. 1)<\/td><td class=\"column-2\">58,64 z\u0142<\/td><td class=\"column-3\">68,99 z\u0142<\/td><td class=\"column-4\">79,35 z\u0142<\/td><td class=\"column-5\">96,60 z\u0142<\/td>\n<\/tr>\n<tr class=\"row-3 odd\">\n\t<td class=\"column-1\">Wynagrodzenie za t\u0142umaczenie ustne w post\u0119powaniu przyspieszonym za ka\u017cd\u0105 rozpocz\u0119t\u0105 godzin\u0119 obecno\u015bci t\u0142umacza (stawka jak za stron\u0119 t\u0142umaczenia okre\u015blon\u0105 w \u00a7 2 ust. 1 pkt. 2 (+ 100%) (\u00a7 6 ust. 1)<\/td><td class=\"column-2\">90,22 z\u0142<\/td><td class=\"column-3\">106,14 z\u0142<\/td><td class=\"column-4\">122,08 z\u0142<\/td><td class=\"column-5\">148,62 z\u0142<\/td>\n<\/tr>\n<tr class=\"row-4 even\">\n\t<td class=\"column-1\">Wynagrodzenie za t\u0142umaczenie ustne, o kt\u00f3rym mowa w ust. 1, wykonywane w porze nocnej w rozumieniu kodeksu pracy (21:00 \u2013 7:00), niedziel\u0119 lub \u015bwi\u0119to (+ 20%) (\u00a7 6 ust. 3)<\/td><td class=\"column-2\">70,37 z\u0142<\/td><td class=\"column-3\">82,79 z\u0142<\/td><td class=\"column-4\">95,22 z\u0142<\/td><td class=\"column-5\">115,92 z\u0142<\/td>\n<\/tr>\n<tr class=\"row-5 odd\">\n\t<td class=\"column-1\">Wynagrodzenie za t\u0142umaczenie ustne, o kt\u00f3rym mowa<br \/>\nw ust. 1, w post\u0119powaniu przyspieszonym wykonywane<br \/>\nw porze nocnej w rozumieniu kodeksu pracy (21:00 \u2013 7:00), niedziel\u0119 lub \u015bwi\u0119to (+ 20%) (\u00a7 6 ust. 3)<\/td><td class=\"column-2\">108,26 z\u0142<\/td><td class=\"column-3\">127,37 z\u0142<\/td><td class=\"column-4\">146,50 z\u0142<\/td><td class=\"column-5\">178,34 z\u0142<\/td>\n<\/tr>\n<\/tbody>\n<\/table>\n<!-- #tablepress-2 from cache --><\/div>\n\t\t\t\t<\/div>\n\t\t\t\t<\/div>\n\t\t\t\t\t<\/div>\n\t\t<\/div>\n\t\t\t\t\t\t\t<\/div>\n\t\t<\/section>\n\t\t\t\t\t\t\t<\/div>\n\t\t","protected":false},"excerpt":{"rendered":"<p>Cennik Tabela stawek wynagrodzenia za czynno\u015bci t\u0142umacza przysi\u0119g\u0142ego. wykonane na \u017c\u0105danie s\u0105du, prokuratora, Policji oraz organ\u00f3w administracji publicznej obowi\u0105zuj\u0105ce od dnia 31 pa\u017adziernika 2019 r. Niniejszy cennik ma charakter informacyjny i nie stanowi oferty handlowej w rozumieniu Art.66par.1 Kodeksu Cywilnego.<\/p>\n","protected":false},"author":1,"featured_media":0,"parent":0,"menu_order":0,"comment_status":"closed","ping_status":"closed","template":"","meta":{"_monsterinsights_skip_tracking":false,"_monsterinsights_sitenote_active":false,"_monsterinsights_sitenote_note":"","_monsterinsights_sitenote_category":0,"footnotes":""},"class_list":["post-628","page","type-page","status-publish","hentry"],"_links":{"self":[{"href":"https:\/\/www.warmiatlumaczenia.pl\/index.php?rest_route=\/wp\/v2\/pages\/628","targetHints":{"allow":["GET"]}}],"collection":[{"href":"https:\/\/www.warmiatlumaczenia.pl\/index.php?rest_route=\/wp\/v2\/pages"}],"about":[{"href":"https:\/\/www.warmiatlumaczenia.pl\/index.php?rest_route=\/wp\/v2\/types\/page"}],"author":[{"embeddable":true,"href":"https:\/\/www.warmiatlumaczenia.pl\/index.php?rest_route=\/wp\/v2\/users\/1"}],"replies":[{"embeddable":true,"href":"https:\/\/www.warmiatlumaczenia.pl\/index.php?rest_route=%2Fwp%2Fv2%2Fcomments&post=628"}],"version-history":[{"count":6,"href":"https:\/\/www.warmiatlumaczenia.pl\/index.php?rest_route=\/wp\/v2\/pages\/628\/revisions"}],"predecessor-version":[{"id":778,"href":"https:\/\/www.warmiatlumaczenia.pl\/index.php?rest_route=\/wp\/v2\/pages\/628\/revisions\/778"}],"wp:attachment":[{"href":"https:\/\/www.warmiatlumaczenia.pl\/index.php?rest_route=%2Fwp%2Fv2%2Fmedia&parent=628"}],"curies":[{"name":"wp","href":"https:\/\/api.w.org\/{rel}","templated":true}]}}