{"id":589,"date":"2020-03-21T23:43:08","date_gmt":"2020-03-21T22:43:08","guid":{"rendered":"http:\/\/www.warmiatlumaczenia.pl\/?page_id=589"},"modified":"2020-03-22T20:10:01","modified_gmt":"2020-03-22T19:10:01","slug":"referencje","status":"publish","type":"page","link":"https:\/\/www.warmiatlumaczenia.pl\/?page_id=589","title":{"rendered":"Dlaczego My"},"content":{"rendered":"\t\t<div data-elementor-type=\"wp-page\" data-elementor-id=\"589\" class=\"elementor elementor-589\">\n\t\t\t\t\t\t\t\t\t<section class=\"elementor-section elementor-top-section elementor-element elementor-element-6891ff39 elementor-section-boxed elementor-section-height-default elementor-section-height-default\" data-id=\"6891ff39\" data-element_type=\"section\">\n\t\t\t\t\t\t<div class=\"elementor-container elementor-column-gap-default\">\n\t\t\t\t\t<div class=\"elementor-column elementor-col-100 elementor-top-column elementor-element elementor-element-6dda6414\" data-id=\"6dda6414\" data-element_type=\"column\">\n\t\t\t<div class=\"elementor-widget-wrap elementor-element-populated\">\n\t\t\t\t\t\t\t\t<div class=\"elementor-element elementor-element-5d18ca7a elementor-widget elementor-widget-heading\" data-id=\"5d18ca7a\" data-element_type=\"widget\" data-widget_type=\"heading.default\">\n\t\t\t\t<div class=\"elementor-widget-container\">\n\t\t\t<h3 class=\"elementor-heading-title elementor-size-large\">nasi klienci<\/h3>\t\t<\/div>\n\t\t\t\t<\/div>\n\t\t\t\t<div class=\"elementor-element elementor-element-21c43855 elementor-widget elementor-widget-text-editor\" data-id=\"21c43855\" data-element_type=\"widget\" data-widget_type=\"text-editor.default\">\n\t\t\t\t<div class=\"elementor-widget-container\">\n\t\t\t\t\t\t\t<p>Od wielu lat wsp\u00f3\u0142pracujemy z instytucjami publicznymi, kancelariami adwokackimi, firmami jak w kraju tak i za granic\u0105. Nie zawiedli\u015bmy nikogo, jeste\u015bmy rzetelni i wiarygodni.<\/p><p>Liczne wyzwania \u2013 rzeczy niemo\u017cliwe za\u0142atwiamy od razu. Na \u017cyciowe cuda trzeba poczeka\u0107. Do\u0142\u0105cz si\u0119 do nas, a b\u0119dziesz usatysfakcjonowany.<\/p>\t\t\t\t\t\t<\/div>\n\t\t\t\t<\/div>\n\t\t\t\t<section class=\"elementor-section elementor-inner-section elementor-element elementor-element-4fdd718 elementor-section-boxed elementor-section-height-default elementor-section-height-default\" data-id=\"4fdd718\" data-element_type=\"section\">\n\t\t\t\t\t\t<div class=\"elementor-container elementor-column-gap-default\">\n\t\t\t\t\t<div class=\"elementor-column elementor-col-25 elementor-inner-column elementor-element elementor-element-c13b20e\" data-id=\"c13b20e\" data-element_type=\"column\">\n\t\t\t<div class=\"elementor-widget-wrap elementor-element-populated\">\n\t\t\t\t\t\t\t\t<div class=\"elementor-element elementor-element-c470672 elementor-widget elementor-widget-image\" data-id=\"c470672\" data-element_type=\"widget\" data-widget_type=\"image.default\">\n\t\t\t\t<div class=\"elementor-widget-container\">\n\t\t\t\t\t\t\t\t\t\t\t\t\t\t\t\t<a href=\"http:\/\/www.olsztyn.eu\">\n\t\t\t\t\t\t\t<img fetchpriority=\"high\" decoding=\"async\" width=\"284\" height=\"178\" src=\"https:\/\/www.warmiatlumaczenia.pl\/wp-content\/uploads\/2020\/03\/1.jpg\" class=\"attachment-full size-full wp-image-592\" alt=\"\" \/>\t\t\t\t\t\t\t\t<\/a>\n\t\t\t\t\t\t\t\t\t\t\t\t\t\t\t<\/div>\n\t\t\t\t<\/div>\n\t\t\t\t\t<\/div>\n\t\t<\/div>\n\t\t\t\t<div class=\"elementor-column elementor-col-25 elementor-inner-column elementor-element elementor-element-a59638b\" data-id=\"a59638b\" data-element_type=\"column\">\n\t\t\t<div class=\"elementor-widget-wrap elementor-element-populated\">\n\t\t\t\t\t\t\t\t<div class=\"elementor-element elementor-element-4dfe952 elementor-widget elementor-widget-image\" data-id=\"4dfe952\" data-element_type=\"widget\" data-widget_type=\"image.default\">\n\t\t\t\t<div class=\"elementor-widget-container\">\n\t\t\t\t\t\t\t\t\t\t\t\t\t\t\t\t<a href=\"http:\/\/www.tcz.pl\">\n\t\t\t\t\t\t\t<img decoding=\"async\" width=\"300\" height=\"97\" src=\"https:\/\/www.warmiatlumaczenia.pl\/wp-content\/uploads\/2020\/03\/2.jpg\" class=\"attachment-full size-full wp-image-601\" alt=\"\" \/>\t\t\t\t\t\t\t\t<\/a>\n\t\t\t\t\t\t\t\t\t\t\t\t\t\t\t<\/div>\n\t\t\t\t<\/div>\n\t\t\t\t\t<\/div>\n\t\t<\/div>\n\t\t\t\t<div class=\"elementor-column elementor-col-25 elementor-inner-column elementor-element elementor-element-86f1c87\" data-id=\"86f1c87\" data-element_type=\"column\">\n\t\t\t<div class=\"elementor-widget-wrap elementor-element-populated\">\n\t\t\t\t\t\t\t\t<div class=\"elementor-element elementor-element-57e2d9e elementor-widget elementor-widget-image\" data-id=\"57e2d9e\" data-element_type=\"widget\" data-widget_type=\"image.default\">\n\t\t\t\t<div class=\"elementor-widget-container\">\n\t\t\t\t\t\t\t\t\t\t\t\t\t\t\t\t<a href=\"http:\/\/www.tcz.pl\/index.php?p=1,65,0,archiwum-wydarzen&#038;item=f823afbd32c4fb90\">\n\t\t\t\t\t\t\t<img decoding=\"async\" width=\"170\" height=\"170\" src=\"https:\/\/www.warmiatlumaczenia.pl\/wp-content\/uploads\/2020\/03\/3.jpg\" class=\"attachment-full size-full wp-image-594\" alt=\"Mi\u0119dzynarodowy Przegl\u0105d Teatr\u00f3w Wspania\u0142ych\" srcset=\"https:\/\/www.warmiatlumaczenia.pl\/wp-content\/uploads\/2020\/03\/3.jpg 170w, https:\/\/www.warmiatlumaczenia.pl\/wp-content\/uploads\/2020\/03\/3-150x150.jpg 150w, https:\/\/www.warmiatlumaczenia.pl\/wp-content\/uploads\/2020\/03\/3-45x45.jpg 45w\" sizes=\"(max-width: 170px) 100vw, 170px\" \/>\t\t\t\t\t\t\t\t<\/a>\n\t\t\t\t\t\t\t\t\t\t\t\t\t\t\t<\/div>\n\t\t\t\t<\/div>\n\t\t\t\t\t<\/div>\n\t\t<\/div>\n\t\t\t\t<div class=\"elementor-column elementor-col-25 elementor-inner-column elementor-element elementor-element-7c2c63e\" data-id=\"7c2c63e\" data-element_type=\"column\">\n\t\t\t<div class=\"elementor-widget-wrap elementor-element-populated\">\n\t\t\t\t\t\t\t\t<div class=\"elementor-element elementor-element-57f2e5a elementor-widget elementor-widget-image\" data-id=\"57f2e5a\" data-element_type=\"widget\" data-widget_type=\"image.default\">\n\t\t\t\t<div class=\"elementor-widget-container\">\n\t\t\t\t\t\t\t\t\t\t\t\t\t\t\t\t<a href=\"http:\/\/gorowoilaweckie.pl\">\n\t\t\t\t\t\t\t<img loading=\"lazy\" decoding=\"async\" width=\"532\" height=\"599\" src=\"https:\/\/www.warmiatlumaczenia.pl\/wp-content\/uploads\/2020\/03\/8.png\" class=\"attachment-full size-full wp-image-599\" alt=\"\" srcset=\"https:\/\/www.warmiatlumaczenia.pl\/wp-content\/uploads\/2020\/03\/8.png 532w, https:\/\/www.warmiatlumaczenia.pl\/wp-content\/uploads\/2020\/03\/8-266x300.png 266w\" sizes=\"(max-width: 532px) 100vw, 532px\" \/>\t\t\t\t\t\t\t\t<\/a>\n\t\t\t\t\t\t\t\t\t\t\t\t\t\t\t<\/div>\n\t\t\t\t<\/div>\n\t\t\t\t\t<\/div>\n\t\t<\/div>\n\t\t\t\t\t\t\t<\/div>\n\t\t<\/section>\n\t\t\t\t<section class=\"elementor-section elementor-inner-section elementor-element elementor-element-0db247f elementor-section-boxed elementor-section-height-default elementor-section-height-default\" data-id=\"0db247f\" data-element_type=\"section\">\n\t\t\t\t\t\t<div class=\"elementor-container elementor-column-gap-default\">\n\t\t\t\t\t<div class=\"elementor-column elementor-col-25 elementor-inner-column elementor-element elementor-element-9f6fbc6\" data-id=\"9f6fbc6\" data-element_type=\"column\">\n\t\t\t<div class=\"elementor-widget-wrap elementor-element-populated\">\n\t\t\t\t\t\t\t\t<div class=\"elementor-element elementor-element-4566ae6 elementor-widget elementor-widget-image\" data-id=\"4566ae6\" data-element_type=\"widget\" data-widget_type=\"image.default\">\n\t\t\t\t<div class=\"elementor-widget-container\">\n\t\t\t\t\t\t\t\t\t\t\t\t\t\t\t\t<a href=\"http:\/\/www.dbk.com.pl\">\n\t\t\t\t\t\t\t<img loading=\"lazy\" decoding=\"async\" width=\"117\" height=\"79\" src=\"https:\/\/www.warmiatlumaczenia.pl\/wp-content\/uploads\/2020\/03\/5.jpg\" class=\"attachment-full size-full wp-image-596\" alt=\"\" \/>\t\t\t\t\t\t\t\t<\/a>\n\t\t\t\t\t\t\t\t\t\t\t\t\t\t\t<\/div>\n\t\t\t\t<\/div>\n\t\t\t\t\t<\/div>\n\t\t<\/div>\n\t\t\t\t<div class=\"elementor-column elementor-col-25 elementor-inner-column elementor-element elementor-element-19b1651\" data-id=\"19b1651\" data-element_type=\"column\">\n\t\t\t<div class=\"elementor-widget-wrap elementor-element-populated\">\n\t\t\t\t\t\t\t\t<div class=\"elementor-element elementor-element-f391fa9 elementor-widget elementor-widget-image\" data-id=\"f391fa9\" data-element_type=\"widget\" data-widget_type=\"image.default\">\n\t\t\t\t<div class=\"elementor-widget-container\">\n\t\t\t\t\t\t\t\t\t\t\t\t\t\t\t\t<a href=\"http:\/\/www.benetrucks.pl\">\n\t\t\t\t\t\t\t<img loading=\"lazy\" decoding=\"async\" width=\"192\" height=\"55\" src=\"https:\/\/www.warmiatlumaczenia.pl\/wp-content\/uploads\/2020\/03\/6.jpg\" class=\"attachment-full size-full wp-image-597\" alt=\"\" \/>\t\t\t\t\t\t\t\t<\/a>\n\t\t\t\t\t\t\t\t\t\t\t\t\t\t\t<\/div>\n\t\t\t\t<\/div>\n\t\t\t\t\t<\/div>\n\t\t<\/div>\n\t\t\t\t<div class=\"elementor-column elementor-col-25 elementor-inner-column elementor-element elementor-element-de73beb\" data-id=\"de73beb\" data-element_type=\"column\">\n\t\t\t<div class=\"elementor-widget-wrap elementor-element-populated\">\n\t\t\t\t\t\t\t\t<div class=\"elementor-element elementor-element-18de166 elementor-widget elementor-widget-image\" data-id=\"18de166\" data-element_type=\"widget\" data-widget_type=\"image.default\">\n\t\t\t\t<div class=\"elementor-widget-container\">\n\t\t\t\t\t\t\t\t\t\t\t\t\t\t\t\t<a href=\"http:\/\/www.ostroda2012.pl\">\n\t\t\t\t\t\t\t<img loading=\"lazy\" decoding=\"async\" width=\"87\" height=\"100\" src=\"https:\/\/www.warmiatlumaczenia.pl\/wp-content\/uploads\/2020\/03\/7.jpg\" class=\"attachment-full size-full wp-image-598\" alt=\"\" \/>\t\t\t\t\t\t\t\t<\/a>\n\t\t\t\t\t\t\t\t\t\t\t\t\t\t\t<\/div>\n\t\t\t\t<\/div>\n\t\t\t\t\t<\/div>\n\t\t<\/div>\n\t\t\t\t<div class=\"elementor-column elementor-col-25 elementor-inner-column elementor-element elementor-element-8e3b209\" data-id=\"8e3b209\" data-element_type=\"column\">\n\t\t\t<div class=\"elementor-widget-wrap elementor-element-populated\">\n\t\t\t\t\t\t\t\t<div class=\"elementor-element elementor-element-0474506 elementor-widget elementor-widget-image\" data-id=\"0474506\" data-element_type=\"widget\" data-widget_type=\"image.default\">\n\t\t\t\t<div class=\"elementor-widget-container\">\n\t\t\t\t\t\t\t\t\t\t\t\t\t\t\t\t<a href=\"http:\/\/www.taurage.lt\">\n\t\t\t\t\t\t\t<img loading=\"lazy\" decoding=\"async\" width=\"53\" height=\"65\" src=\"https:\/\/www.warmiatlumaczenia.pl\/wp-content\/uploads\/2020\/03\/4.jpg\" class=\"attachment-full size-full wp-image-595\" alt=\"\" \/>\t\t\t\t\t\t\t\t<\/a>\n\t\t\t\t\t\t\t\t\t\t\t\t\t\t\t<\/div>\n\t\t\t\t<\/div>\n\t\t\t\t\t<\/div>\n\t\t<\/div>\n\t\t\t\t\t\t\t<\/div>\n\t\t<\/section>\n\t\t\t\t\t<\/div>\n\t\t<\/div>\n\t\t\t\t\t\t\t<\/div>\n\t\t<\/section>\n\t\t\t\t\t\t\t<\/div>\n\t\t","protected":false},"excerpt":{"rendered":"<p>Szeroki zakres \u015bwiadczonych us\u0142ug<br \/>\nBezwzgl\u0119dna gwarancja poufno\u015bci<br \/>\nR\u00f3\u017cne formy rozlicze\u0144<br \/>\nSkuteczne i szybkie rozwi\u0105zania<br \/>\nWyspecjalizowana i do\u015bwiadczona kadra<br \/>\nWieloletnie do\u015bwiadczenie<\/p>\n","protected":false},"author":1,"featured_media":610,"parent":0,"menu_order":0,"comment_status":"closed","ping_status":"closed","template":"","meta":{"_monsterinsights_skip_tracking":false,"_monsterinsights_sitenote_active":false,"_monsterinsights_sitenote_note":"","_monsterinsights_sitenote_category":0,"footnotes":""},"class_list":["post-589","page","type-page","status-publish","has-post-thumbnail","hentry"],"_links":{"self":[{"href":"https:\/\/www.warmiatlumaczenia.pl\/index.php?rest_route=\/wp\/v2\/pages\/589","targetHints":{"allow":["GET"]}}],"collection":[{"href":"https:\/\/www.warmiatlumaczenia.pl\/index.php?rest_route=\/wp\/v2\/pages"}],"about":[{"href":"https:\/\/www.warmiatlumaczenia.pl\/index.php?rest_route=\/wp\/v2\/types\/page"}],"author":[{"embeddable":true,"href":"https:\/\/www.warmiatlumaczenia.pl\/index.php?rest_route=\/wp\/v2\/users\/1"}],"replies":[{"embeddable":true,"href":"https:\/\/www.warmiatlumaczenia.pl\/index.php?rest_route=%2Fwp%2Fv2%2Fcomments&post=589"}],"version-history":[{"count":10,"href":"https:\/\/www.warmiatlumaczenia.pl\/index.php?rest_route=\/wp\/v2\/pages\/589\/revisions"}],"predecessor-version":[{"id":754,"href":"https:\/\/www.warmiatlumaczenia.pl\/index.php?rest_route=\/wp\/v2\/pages\/589\/revisions\/754"}],"wp:featuredmedia":[{"embeddable":true,"href":"https:\/\/www.warmiatlumaczenia.pl\/index.php?rest_route=\/wp\/v2\/media\/610"}],"wp:attachment":[{"href":"https:\/\/www.warmiatlumaczenia.pl\/index.php?rest_route=%2Fwp%2Fv2%2Fmedia&parent=589"}],"curies":[{"name":"wp","href":"https:\/\/api.w.org\/{rel}","templated":true}]}}